{"id":196,"date":"2021-08-31T13:39:20","date_gmt":"2021-08-31T13:39:20","guid":{"rendered":"http:\/\/physiotherapie.praxis-krueger.life\/?page_id=196"},"modified":"2021-12-14T06:12:13","modified_gmt":"2021-12-14T06:12:13","slug":"beruehren","status":"publish","type":"page","link":"https:\/\/www.praxis-krueger.life\/?page_id=196","title":{"rendered":"Ber\u00fchren"},"content":{"rendered":"\n<p>Ziel der Physiotherapie ist die Schmerzreduktion und die Wiederherstellung, Erhaltung oder F\u00f6rderung Ihrer Gesundheit. Zur Durchf\u00fchrung einer pyhsiotherapheutischen Behandlung ist ein individueller Befund und ein auf den Patienten abgestimmter Behandlungsplan von gr\u00f6\u00dfter Bedeutung. Nur so kann die Behandlung medizinisch und therapeutisch im Einklang stehen und auf langer Sicht erfolgreich sein. Die Behandlung kann durch physikalische Ma\u00dfnahmen wie W\u00e4rme, K\u00e4lte, Elektrotherapie, Ultraschall sowie eine Anleitung zur Eigenaktivit\u00e4t erg\u00e4nzt werden. Da sich im Bereich der Physiotherapie immer wieder neue Methoden und M\u00f6glichkeiten f\u00fcr die Therapien ergeben finden Sie in unserer Praxis ein breites Spektrum an speziellen Behandlungsm\u00f6glichkeiten.<\/p>\n\n\n\n<h2 class=\"wp-block-heading\"><\/h2>\n\n\n\n<ul class=\"wp-block-list\"><li>Manuelle Therapie<\/li><li>Physiotherapie<\/li><li>Viscerale osteopathische Techniken<\/li><li>Behandlung von Cranio-mandibul\u00e4ren Dysfunktionen<\/li><li>Wirbels\u00e4ulentherapie nach Dorn<\/li><li>Manuelle Lymphdrainage<\/li><li>Klassische Massage<\/li><li>Fu\u00dfreflexzonentherapie<\/li><\/ul>\n","protected":false},"excerpt":{"rendered":"<p>Ziel der Physiotherapie ist die Schmerzreduktion und die Wiederherstellung, Erhaltung oder F\u00f6rderung Ihrer Gesundheit. Zur Durchf\u00fchrung einer pyhsiotherapheutischen Behandlung ist ein individueller Befund und ein auf den Patienten abgestimmter Behandlungsplan von gr\u00f6\u00dfter Bedeutung. Nur so kann die Behandlung medizinisch und therapeutisch im Einklang stehen und auf langer Sicht erfolgreich sein. Die Behandlung kann durch physikalische &hellip; <\/p>\n<p class=\"link-more\"><a href=\"https:\/\/www.praxis-krueger.life\/?page_id=196\" class=\"more-link\"><span class=\"screen-reader-text\">\u201eBer\u00fchren\u201c<\/span> weiterlesen<\/a><\/p>\n","protected":false},"author":1,"featured_media":0,"parent":0,"menu_order":0,"comment_status":"closed","ping_status":"closed","template":"","meta":{"footnotes":""},"class_list":["post-196","page","type-page","status-publish","hentry"],"_links":{"self":[{"href":"https:\/\/www.praxis-krueger.life\/index.php?rest_route=\/wp\/v2\/pages\/196","targetHints":{"allow":["GET"]}}],"collection":[{"href":"https:\/\/www.praxis-krueger.life\/index.php?rest_route=\/wp\/v2\/pages"}],"about":[{"href":"https:\/\/www.praxis-krueger.life\/index.php?rest_route=\/wp\/v2\/types\/page"}],"author":[{"embeddable":true,"href":"https:\/\/www.praxis-krueger.life\/index.php?rest_route=\/wp\/v2\/users\/1"}],"replies":[{"embeddable":true,"href":"https:\/\/www.praxis-krueger.life\/index.php?rest_route=%2Fwp%2Fv2%2Fcomments&post=196"}],"version-history":[{"count":3,"href":"https:\/\/www.praxis-krueger.life\/index.php?rest_route=\/wp\/v2\/pages\/196\/revisions"}],"predecessor-version":[{"id":274,"href":"https:\/\/www.praxis-krueger.life\/index.php?rest_route=\/wp\/v2\/pages\/196\/revisions\/274"}],"wp:attachment":[{"href":"https:\/\/www.praxis-krueger.life\/index.php?rest_route=%2Fwp%2Fv2%2Fmedia&parent=196"}],"curies":[{"name":"wp","href":"https:\/\/api.w.org\/{rel}","templated":true}]}}